{"id":63,"date":"2021-08-31T11:25:45","date_gmt":"2021-08-31T11:25:45","guid":{"rendered":"https:\/\/ramrath-fd.de\/?page_id=63"},"modified":"2025-12-01T11:41:43","modified_gmt":"2025-12-01T11:41:43","slug":"versicherung-und-vorsroge","status":"publish","type":"page","link":"https:\/\/ramrath-fd.de\/?page_id=63","title":{"rendered":"Versicherung und Vorsroge"},"content":{"rendered":"\n    \n    <section class=\"u-clearfix u-section-2\" id=\"sec-9411\">\n      <div class=\"u-clearfix u-sheet u-sheet-1\">\n        <div class=\"u-clearfix u-expanded-width u-gutter-10 u-layout-wrap u-layout-wrap-1\">\n          <div class=\"u-layout\">\n            <div class=\"u-layout-col\">\n              <div class=\"u-size-30\">\n                <div class=\"u-layout-row\">\n                  <div class=\"u-container-style u-image u-layout-cell u-left-cell u-size-30 u-image-1\" src=\"\" data-image-width=\"600\" data-image-height=\"600\" data-animation-name=\"slideIn\" data-animation-duration=\"3000\" data-animation-delay=\"0\" data-animation-direction=\"Left\" style=\"background-image: url(&quot;https:\/\/ramrath-fd.de\/wp-content\/uploads\/2021\/08\/Ramrath-FD_Sparte_600x6006.jpg&quot;);\">\n                    <div class=\"u-container-layout u-valign-middle u-container-layout-1\"><\/div>\n                  <\/div>\n                  <div class=\"u-align-left u-container-align-left u-container-style u-layout-cell u-right-cell u-size-30 u-layout-cell-2\" data-animation-name=\"slideIn\" data-animation-duration=\"3000\" data-animation-delay=\"1000\" data-animation-direction=\"Right\">\n                    <div class=\"u-container-layout u-valign-middle u-container-layout-2\">\n                      <h2 class=\"u-text u-text-1\">Vorsorgevollmacht und Patientenverf\u00fcgung<\/h2>\n                      <p class=\"u-text u-text-2\"> Eines ist wenigen bewusst. Wenn ihr Ehepartner pflegebed\u00fcrftig wird, sind sie nicht automatisch der Betreuer. Im Falle von Unf\u00e4llen und anderen schwerwiegenden Erkrankungen, in denen Personen ab 18 nicht mehr selbst handlungsf\u00e4hig sind, d\u00fcrfen den Angeh\u00f6rigen keine Ausk\u00fcnfte erteilt werden. Liegt eine Vorsorgevollmacht vor erh\u00e4lt die bevollm\u00e4chtigte Person die dringend ben\u00f6tigten Informationen.<\/p>\n                      <a href=\"\" class=\"u-border-none u-btn u-button-style u-hover-custom-color-2 u-btn-1\">Mehr informationen<\/a>\n                    <\/div>\n                  <\/div>\n                <\/div>\n              <\/div>\n              <div class=\"u-size-30\">\n                <div class=\"u-layout-row\">\n                  <div class=\"u-align-left u-container-align-left u-container-style u-layout-cell u-left-cell u-size-30 u-layout-cell-3\" data-animation-name=\"flash\" data-animation-duration=\"3000\" data-animation-delay=\"5000\" data-animation-direction=\"\">\n                    <div class=\"u-container-layout u-container-layout-3\">\n                      <h2 class=\"u-text u-text-3\">Versicherung f\u00fcr den Fall der F\u00e4lle&nbsp;<\/h2>\n                      <p class=\"u-text u-text-4\"> Unf\u00e4lle passieren schnell. Leider meist dann, wenn sie am wenigsten gebraucht werden. Umso wichtiger ist die vorausschauende Planung und die Absicherung ihrer finanziellen Lage im Falle einer l\u00e4ngeren Krankheit. <\/p>\n                      <a href=\"\" class=\"u-border-none u-btn u-button-style u-hover-custom-color-2 u-btn-2\">Mehr informationen<\/a>\n                    <\/div>\n                  <\/div>\n                  <div class=\"u-container-style u-image u-layout-cell u-right-cell u-size-30 u-image-2\" src=\"\" data-image-width=\"600\" data-image-height=\"600\" data-animation-name=\"flipIn\" data-animation-duration=\"3000\" data-animation-delay=\"3000\" data-animation-direction=\"X\" style=\"background-image: url(&quot;https:\/\/ramrath-fd.de\/wp-content\/uploads\/2021\/08\/Ramrath-FD_Sparte_600x6005.jpg&quot;);\">\n                    <div class=\"u-container-layout u-valign-middle u-container-layout-4\"><\/div>\n                  <\/div>\n                <\/div>\n              <\/div>\n            <\/div>\n          <\/div>\n        <\/div>\n      <\/div>\n    <\/section>\n    <section class=\"u-clearfix u-custom-color-1 u-section-3\" id=\"carousel_9118\">\n      <div class=\"u-clearfix u-sheet u-sheet-1\">\n        <img decoding=\"async\" src=\"https:\/\/ramrath-fd.de\/wp-content\/uploads\/2021\/08\/canan-ramrath_Ramrath-FD-1.jpg\" class=\"u-align-left u-image u-image-round u-radius-10 u-image-1\" data-image-width=\"836\" data-image-height=\"754\">\n        <div class=\"u-align-center u-container-align-center u-container-style u-group u-shape-rectangle u-white u-group-1\">\n          <div class=\"u-container-layout u-container-layout-1\">\n            <h2 class=\"u-text u-text-custom-color-1 u-text-1\">Haben Sie eine Frage?&nbsp;<br>Schreiben sie uns! \n            <\/h2>\n            <div class=\"u-form u-form-1\">\n              <form action=\"https:\/\/ramrath-fd.de\/wp-content\/plugins\/nicepage\/templates\/form.php?id=63&formId=11cd-carousel_9118\" class=\"u-clearfix u-form-spacing-21 u-form-vertical u-inner-form\" style=\"padding: 0px;\" source=\"customphp\">\n                <div class=\"u-form-email u-form-group\">\n                  <label for=\"email-ef64\" class=\"u-form-control-hidden u-label\">Email<\/label>\n                  <input type=\"email\" placeholder=\"Email\" id=\"email-ef64\" name=\"email\" class=\"u-border-2 u-border-custom-color-3 u-input u-input-rectangle\" required=\"\">\n                <\/div>\n                <div class=\"u-form-group u-form-group-2\">\n                  <label for=\"name-b3c6\" class=\"u-form-control-hidden u-label\"><\/label>\n                  <input type=\"text\" placeholder=\"Geben Sie Ihren Namen ein\" id=\"name-b3c6\" name=\"name\" class=\"u-border-2 u-border-custom-color-3 u-input u-input-rectangle\" required=\"required\">\n                <\/div>\n                <div class=\"u-form-group u-form-message u-form-group-3\">\n                  <label for=\"message-2021\" class=\"u-form-control-hidden u-label\"><\/label>\n                  <textarea placeholder=\"Geben Sie Ihre Nachricht ein\" rows=\"4\" cols=\"50\" id=\"message-2021\" name=\"message\" class=\"u-border-2 u-border-custom-color-3 u-input u-input-rectangle\" required=\"\"><\/textarea>\n                <\/div>\n                <div class=\"u-form-agree u-form-group u-form-group-4\">\n                  <label class=\"u-label\"><\/label>\n                  <input type=\"checkbox\" id=\"agree-f795\" name=\"agree\" class=\"u-agree-checkbox u-field-input\" required=\"\">\n                  <label for=\"agree-f795\" class=\"u-block-3280-29 u-field-label\" style=\"\">\n                    <a class=\"u-active-none u-border-none u-btn u-button-style u-hover-none u-none u-text-palette-1-base u-btn-1\" href=\"#\" target=\"_blank\">Ich akzeptiere die Gesch\u00e4ftsbedingungen<\/a>\n                  <\/label>\n                <\/div>\n                <div class=\"u-form-group u-form-submit\">\n                  <a href=\"#\" class=\"u-border-none u-btn u-btn-submit u-button-style u-custom-color-1 u-hover-custom-color-2 u-btn-2\">Kontakt<\/a>\n                  <input type=\"submit\" value=\"submit\" class=\"u-form-control-hidden\">\n                <\/div>\n                <div class=\"u-form-send-message u-form-send-success\">#FormSendSuccess<\/div>\n                <div class=\"u-form-send-error u-form-send-message\">#FormSendError<\/div>\n                <input type=\"hidden\" value=\"\" name=\"recaptchaResponse\">\n              <\/form>\n            <\/div>\n          <\/div>\n        <\/div>\n      <\/div>\n    <\/section>\n    <section class=\"u-align-center u-clearfix u-container-align-center u-section-4\" id=\"sec-3b3f\">\n      <div class=\"u-align-left u-clearfix u-sheet u-valign-middle u-sheet-1\">\n        <div class=\"u-expanded-width u-list u-list-1\">\n          <div class=\"u-repeater u-repeater-1\">\n            <div class=\"u-container-style u-list-item u-repeater-item\">\n              <div class=\"u-container-layout u-similar-container u-valign-top u-container-layout-1\"><span class=\"u-icon u-icon-circle u-text-palette-5-base u-icon-1\" data-animation-name=\"fadeIn\" data-animation-duration=\"2000\" data-animation-delay=\"0\"><svg class=\"u-svg-link\" preserveAspectRatio=\"xMidYMin slice\" viewBox=\"0 0 60 60\" style=\"\"><use xmlns:xlink=\"http:\/\/www.w3.org\/1999\/xlink\" xlink:href=\"#svg-4bcd\"><\/use><\/svg><svg class=\"u-svg-content\" viewBox=\"0 0 60 60\" x=\"0px\" y=\"0px\" id=\"svg-4bcd\" style=\"enable-background:new 0 0 60 60;\"><g><path d=\"M49,13v37.266l4,7V59c0,0.553,0.447,1,1,1s1-0.447,1-1v-1.734l4-7V13v-2H49V13z M56.277,51L54,54.984L51.723,51H56.277z\"><\/path><path d=\"M56.015,0h-4.029C50.339,0,49,1.339,49,2.985V7v2h10V7V2.985C59,1.339,57.661,0,56.015,0z\"><\/path><path d=\"M40.004,0H39h-1h-1v54h2v-0.004h1.004C42.207,53.996,44,52.203,44,50V37.007h-5V17h5V3.996C44,1.793,42.207,0,40.004,0z\"><\/path><polygon points=\"30,0 1,0 1,17 30,17 30,37.007 1,37.007 1,53.996 5,53.996 5,54 13,54 13,53.996 30,53.996 30,54 32,54 32,0 31,0     \"><\/polygon><polygon points=\"5,59.864 9,57.198 13,59.864 13,55 5,55  \"><\/polygon>\n<\/g><\/svg><\/span>\n                <h3 class=\"u-align-center u-text u-text-default u-text-1\">Finanzen<\/h3>\n                <p class=\"u-align-center u-text u-text-2\">Entscheiden sie selbst \u00fcber ihre Finanzen! Wir machen Sie fit.&nbsp;<\/p>\n                <a href=\"https:\/\/ramrath-fd.de\/?page_id=65\" class=\"u-border-none u-btn u-button-style u-custom-color-1 u-hover-custom-color-3 u-btn-1\">Mehr erfahren<\/a>\n              <\/div>\n            <\/div>\n            <div class=\"u-align-center u-container-align-center u-container-style u-list-item u-repeater-item\">\n              <div class=\"u-container-layout u-similar-container u-valign-top u-container-layout-2\"><span class=\"u-icon u-icon-circle u-text-palette-5-base u-icon-2\" data-animation-name=\"fadeIn\" data-animation-duration=\"2000\" data-animation-delay=\"0\"><svg class=\"u-svg-link\" preserveAspectRatio=\"xMidYMin slice\" viewBox=\"0 0 60 60\" style=\"\"><use xmlns:xlink=\"http:\/\/www.w3.org\/1999\/xlink\" xlink:href=\"#svg-c4d7\"><\/use><\/svg><svg class=\"u-svg-content\" viewBox=\"0 0 60 60\" x=\"0px\" y=\"0px\" id=\"svg-c4d7\" style=\"enable-background:new 0 0 60 60;\"><g><path d=\"M55.014,45.389l-9.553-4.776C44.56,40.162,44,39.256,44,38.248v-3.381c0.229-0.28,0.47-0.599,0.719-0.951\n\t\tc1.239-1.75,2.232-3.698,2.954-5.799C49.084,27.47,50,26.075,50,24.5v-4c0-0.963-0.36-1.896-1-2.625v-5.319\n\t\tc0.056-0.55,0.276-3.824-2.092-6.525C44.854,3.688,41.521,2.5,37,2.5s-7.854,1.188-9.908,3.53\n\t\tc-2.368,2.701-2.148,5.976-2.092,6.525v5.319c-0.64,0.729-1,1.662-1,2.625v4c0,1.217,0.553,2.352,1.497,3.109\n\t\tc0.916,3.627,2.833,6.36,3.503,7.237v3.309c0,0.968-0.528,1.856-1.377,2.32l-8.921,4.866c-2.9,1.582-4.701,4.616-4.701,7.92V57.5\n\t\th46v-4.043C60,50.019,58.089,46.927,55.014,45.389z\"><\/path><path d=\"M17.983,44.025l8.921-4.866c0.367-0.201,0.596-0.586,0.596-1.004v-2.814c-0.885-1.232-2.446-3.712-3.337-6.91\n\t\tC23.1,27.399,22.5,25.994,22.5,24.5v-4c0-1.124,0.352-2.219,1-3.141v-4.733c-0.034-0.383-0.074-1.269,0.096-2.395\n\t\tC22.219,9.751,20.687,9.5,19,9.5c-10.389,0-10.994,8.855-11,9v4.579c-0.648,0.706-1,1.521-1,2.33v3.454\n\t\tc0,1.079,0.483,2.085,1.311,2.765c0.825,3.11,2.854,5.46,3.644,6.285v2.743c0,0.787-0.428,1.509-1.171,1.915l-6.653,4.173\n\t\tC1.583,48.134,0,50.801,0,53.703V57.5h12.5v-4.238C12.5,49.409,14.601,45.87,17.983,44.025z\"><\/path>\n<\/g><\/svg><\/span>\n                <h3 class=\"u-align-center u-text u-text-default u-text-3\">Vorsorge&nbsp;<\/h3>\n                <p class=\"u-align-center u-text u-text-4\">Vorsorge f\u00fcr Unternehmen, Mitarbeiter und Privartpersonen.&nbsp;<\/p>\n                <a href=\"https:\/\/ramrath-fd.de\/?page_id=63\" class=\"u-border-none u-btn u-button-style u-custom-color-1 u-hover-custom-color-3 u-btn-2\"> Mehr erfahren<\/a>\n              <\/div>\n            <\/div>\n            <div class=\"u-container-style u-list-item u-repeater-item\">\n              <div class=\"u-container-layout u-similar-container u-valign-top u-container-layout-3\"><span class=\"u-icon u-icon-circle u-text-palette-5-base u-icon-3\" data-animation-name=\"fadeIn\" data-animation-duration=\"2000\" data-animation-delay=\"0\"><svg class=\"u-svg-link\" preserveAspectRatio=\"xMidYMin slice\" viewBox=\"0 0 60 60\" style=\"\"><use xmlns:xlink=\"http:\/\/www.w3.org\/1999\/xlink\" xlink:href=\"#svg-cad3\"><\/use><\/svg><svg class=\"u-svg-content\" viewBox=\"0 0 60 60\" x=\"0px\" y=\"0px\" id=\"svg-cad3\" style=\"enable-background:new 0 0 60 60;\"><g><path d=\"M57.821,27.693c1.195-1.287,1.033-3.32-0.35-4.402L32.041,3.396L30,1.5l-2.041,1.896L2.529,23.291\n\t\tc-1.383,1.082-1.545,3.115-0.35,4.402c1.055,1.136,2.801,1.281,4.028,0.335L30,9.688l23.792,18.34\n\t\tC55.02,28.974,56.766,28.829,57.821,27.693z\"><\/path><path d=\"M59,47.5c-0.553,0-1,0.448-1,1v1h-1v-1c0-0.552-0.447-1-1-1s-1,0.448-1,1v1h-2v-22v-0.083L30,9.688L7,27.417V27.5v22H5v-1\n\t\tc0-0.552-0.447-1-1-1s-1,0.448-1,1v1H2v-1c0-0.552-0.447-1-1-1s-1,0.448-1,1v9c0,0.552,0.447,1,1,1s1-0.448,1-1v-1h1v1\n\t\tc0,0.552,0.447,1,1,1s1-0.448,1-1v-1h2v2h26v-18h12v18h8v-2h2v1c0,0.552,0.447,1,1,1s1-0.448,1-1v-1h1v1c0,0.552,0.447,1,1,1\n\t\ts1-0.448,1-1v-9C60,47.948,59.553,47.5,59,47.5z M3,54.5H2v-3h1V54.5z M7,54.5H5v-3h2V54.5z M20,50.5h-5v-4h5V50.5z M20,44.5h-5v-4\n\t\th5V44.5z M27,50.5h-5v-4h5V50.5z M27,44.5h-5v-4h5V44.5z M27,34.5H15v-4h12V34.5z M27,28.5H15v-2h12V28.5z M45,34.5H33v-2h12V34.5z\n\t\t M45,30.5H33v-4h12V30.5z M55,54.5h-2v-3h2V54.5z M58,54.5h-1v-3h1V54.5z\"><\/path>\n<\/g><\/svg><\/span>\n                <h3 class=\"u-align-center u-text u-text-default u-text-5\">Immobilien<\/h3>\n                <p class=\"u-align-center u-text u-text-6\">Sie m\u00f6chten eine Immobile Verkaufen?&nbsp;<br>Wir unterst\u00fctzen sie dabei.&nbsp; \n                <\/p>\n                <a href=\"https:\/\/ramrath-fd.de\/?page_id=63\" class=\"u-border-none u-btn u-button-style u-custom-color-1 u-hover-custom-color-3 u-btn-3\"> Mehr erfahren<\/a>\n              <\/div>\n            <\/div>\n          <\/div>\n        <\/div>\n      <\/div>\n    <\/section>\n    <section class=\"u-align-center u-clearfix u-container-align-center u-section-5\" id=\"carousel_f688\">\n      <div class=\"u-clearfix u-sheet u-sheet-1\">\n        <h2 class=\"u-text u-text-default u-text-1\">FAQ - Antworten zu Deinen Fragen<\/h2>\n        <div class=\"u-accordion u-accordion-1\" role=\"tablist\">\n          <div class=\"u-accordion-item\">\n            <a class=\"active u-accordion-link u-button-style u-custom-color-1 u-text-active-white u-text-hover-custom-color-2 u-text-white u-accordion-link-1\" id=\"link-accordion-8570\" aria-controls=\"accordion-8570\" aria-selected=\"true\" role=\"tab\"><span class=\"u-accordion-link-text\">Was ist eine Vorsorgevollmacht?<br><\/span>\n            <\/a>\n            <div class=\"u-accordion-active u-accordion-pane u-container-style u-accordion-pane-1\" id=\"accordion-8570\" aria-labelledby=\"link-accordion-8570\" role=\"tabpanel\">\n              <div class=\"u-container-layout u-valign-top u-container-layout-1\">\n                <p class=\"u-spacing-10 u-text u-text-default u-text-2\">Eine Vorsorgevollmacht ist ein Dokument, das regelt, wer die rechtliche Vertretung f\u00fcr eine Person \u00fcbernimmt, die selbst nicht mehr dazu nicht mehr in der Lage ist.<br>\n                <\/p>\n              <\/div>\n            <\/div>\n          <\/div>\n          <div class=\"u-accordion-item\">\n            <a class=\"u-accordion-link u-button-style u-custom-color-1 u-text-active-white u-text-hover-custom-color-2 u-text-white u-accordion-link-2\" id=\"link-accordion-ae92\" aria-controls=\"accordion-ae92\" aria-selected=\"false\" role=\"tab\"><span class=\"u-accordion-link-text\">Was ist eine Patientenverf\u00fcgung?<br><\/span>\n            <\/a>\n            <div class=\"u-accordion-pane u-container-style u-accordion-pane-2\" id=\"accordion-ae92\" aria-labelledby=\"link-accordion-ae92\" role=\"tabpanel\">\n              <div class=\"u-container-layout u-valign-top u-container-layout-2\">\n                <p class=\"u-spacing-10 u-text u-text-default u-text-3\">Eine Patientenverf\u00fcgung ist ein Dokument, das die medizinischen Fragen regelt, f\u00fcr eine Person, die selbst nicht mehr dazu nicht mehr in der Lage ist.<br>\n                <\/p>\n              <\/div>\n            <\/div>\n          <\/div>\n          <div class=\"u-accordion-item\">\n            <a class=\"u-accordion-link u-button-style u-custom-color-1 u-text-active-white u-text-hover-custom-color-2 u-text-white u-accordion-link-3\" id=\"link-accordion-4dc5\" aria-controls=\"accordion-4dc5\" aria-selected=\"false\" role=\"tab\"><span class=\"u-accordion-link-text\">Welche Versicherungen brauche ich wirklich?<br><\/span>\n            <\/a>\n            <div class=\"u-accordion-pane u-container-style u-accordion-pane-3\" id=\"accordion-4dc5\" aria-labelledby=\"link-accordion-4dc5\" role=\"tabpanel\">\n              <div class=\"u-container-layout u-container-layout-3\">\n                <p class=\"u-text u-text-4\">Jeder Mensch ist einzigartig. So ist auch der Bedarf. Der ergibt ein Gespr\u00e4ch zwischen Versicherungsmaklerin und ihnen. Hier werden sie als Mensch betrachtet mit Ihren Erfahrungen, Bed\u00fcrfnissen und W\u00fcnschen. Daraus ergeben sich individuelle Empfehlungen, die Sie selbst f\u00fcr sich abw\u00e4gen k\u00f6nnen.&nbsp;<br>\n                <\/p>\n              <\/div>\n            <\/div>\n          <\/div>\n        <\/div>\n      <\/div>\n    <\/section>\n    <section class=\"u-clearfix u-custom-color-2 u-section-6\" id=\"sec-b407\">\n      <div class=\"u-clearfix u-sheet u-valign-middle u-sheet-1\">\n        <div class=\"data-layout-selected u-clearfix u-expanded-width u-gutter-0 u-layout-wrap u-layout-wrap-1\">\n          <div class=\"u-gutter-0 u-layout\">\n            <div class=\"u-layout-row\">\n              <div class=\"u-container-style u-image u-image-contain u-layout-cell u-size-13 u-image-1\" data-image-width=\"300\" data-image-height=\"300\" style=\"background-image: url(&quot;https:\/\/ramrath-fd.de\/wp-content\/uploads\/2021\/08\/favicon-1.jpg?rand=32c2&quot;);\">\n                <div class=\"u-container-layout u-valign-middle u-container-layout-1\"><\/div>\n              <\/div>\n              <div class=\"u-align-left u-container-align-left u-container-style u-layout-cell u-size-24 u-layout-cell-2\">\n                <div class=\"u-container-layout u-valign-top u-container-layout-2\">\n                  <p class=\"u-text u-text-1\"> Ihr freier Finanz und Versicherungsmarkler!<br>Wir beraten in Finanz- und Versicherungsfragen durch&nbsp;Analyse der individuellen, aktuellen Finanz- und Versicherungssituation \n                  <\/p>\n                <\/div>\n              <\/div>\n              <div class=\"u-align-left u-container-align-left u-container-style u-layout-cell u-size-23 u-layout-cell-3\">\n                <div class=\"u-container-layout u-container-layout-3\">\n                  <p class=\"u-text u-text-2\"> RAMRATH Finanzdienstleistungen<br>Hauptverwaltung Hohe Geest 172 A \u2022 48165 M\u00fcnster&nbsp;<br>Telefon: 02501-5948745 \u2022 Fax: 02501-5948725&nbsp;<br>B\u00fcrozeiten: Mo-Fr. 8-12 Uhr und nach Vereinbarung<br>info@ramrath-fd.de \n                  <\/p>\n                <\/div>\n              <\/div>\n            <\/div>\n          <\/div>\n        <\/div>\n      <\/div>\n    <\/section>\n    \n    \n    \n  \n","protected":false},"excerpt":{"rendered":"<p>Vorsorgevollmacht und Patientenverf\u00fcgung Eines ist wenigen bewusst. Wenn ihr Ehepartner pflegebed\u00fcrftig wird, sind sie nicht automatisch der Betreuer. Im Falle von Unf\u00e4llen und anderen schwerwiegenden Erkrankungen, in denen Personen ab 18 nicht mehr selbst handlungsf\u00e4hig sind, d\u00fcrfen den Angeh\u00f6rigen keine Ausk\u00fcnfte erteilt werden. Liegt eine Vorsorgevollmacht vor erh\u00e4lt die bevollm\u00e4chtigte Person die dringend ben\u00f6tigten Informationen. &hellip; <a href=\"https:\/\/ramrath-fd.de\/?page_id=63\" class=\"more-link\">Continue reading<span class=\"screen-reader-text\"> &#8222;Versicherung und Vorsroge&#8220;<\/span><\/a><\/p>\n","protected":false},"author":1,"featured_media":0,"parent":0,"menu_order":2,"comment_status":"closed","ping_status":"closed","template":"","meta":{"om_disable_all_campaigns":false,"_monsterinsights_skip_tracking":false,"_monsterinsights_sitenote_active":false,"_monsterinsights_sitenote_note":"","_monsterinsights_sitenote_category":0,"_uf_show_specific_survey":0,"_uf_disable_surveys":false,"footnotes":""},"class_list":["post-63","page","type-page","status-publish","hentry"],"aioseo_notices":[],"_links":{"self":[{"href":"https:\/\/ramrath-fd.de\/index.php?rest_route=\/wp\/v2\/pages\/63","targetHints":{"allow":["GET"]}}],"collection":[{"href":"https:\/\/ramrath-fd.de\/index.php?rest_route=\/wp\/v2\/pages"}],"about":[{"href":"https:\/\/ramrath-fd.de\/index.php?rest_route=\/wp\/v2\/types\/page"}],"author":[{"embeddable":true,"href":"https:\/\/ramrath-fd.de\/index.php?rest_route=\/wp\/v2\/users\/1"}],"replies":[{"embeddable":true,"href":"https:\/\/ramrath-fd.de\/index.php?rest_route=%2Fwp%2Fv2%2Fcomments&post=63"}],"version-history":[{"count":6,"href":"https:\/\/ramrath-fd.de\/index.php?rest_route=\/wp\/v2\/pages\/63\/revisions"}],"predecessor-version":[{"id":212,"href":"https:\/\/ramrath-fd.de\/index.php?rest_route=\/wp\/v2\/pages\/63\/revisions\/212"}],"wp:attachment":[{"href":"https:\/\/ramrath-fd.de\/index.php?rest_route=%2Fwp%2Fv2%2Fmedia&parent=63"}],"curies":[{"name":"wp","href":"https:\/\/api.w.org\/{rel}","templated":true}]}}